{"id":1114,"date":"2019-06-26T09:41:49","date_gmt":"2019-06-26T09:41:49","guid":{"rendered":"https:\/\/powerlift.qodeinteractive.com\/?page_id=1114"},"modified":"2020-09-20T21:04:21","modified_gmt":"2020-09-20T21:04:21","slug":"contact-us","status":"publish","type":"page","link":"https:\/\/israelitacticalkravmaga.com\/index.php\/contact-us\/","title":{"rendered":"Contact us"},"content":{"rendered":"<p>[vc_row row_background_text_type=&#8221;vertical&#8221; row_background_text_animation=&#8221;yes&#8221; css=&#8221;.vc_custom_1566222716717{padding-top: 135px !important;padding-bottom: 140px !important;}&#8221; row_background_text_size=&#8221;190px&#8221; row_background_text_2=&#8221;ASK&#8221; row_background_text_size_1440=&#8221;140px&#8221; row_background_text_color=&#8221;rgba(104,104,104,0.2)&#8221;][vc_column][vc_row_inner row_content_width=&#8221;grid&#8221;][vc_column_inner offset=&#8221;vc_col-lg-6 vc_col-md-12&#8243;]<div class=\"mkdf-elements-holder   mkdf-one-column  mkdf-responsive-mode-768 \" ><div class=\"mkdf-eh-item    \"  data-item-class=\"mkdf-eh-custom-4771\" data-769-1024=\"0% 30% 0% 0%\" data-680=\"0% 3% 0% 0%\">\n\t<div class=\"mkdf-eh-item-inner\">\n\t\t<div class=\"mkdf-eh-item-content mkdf-eh-custom-4771\" style=\"padding: 0% 16% 0% 0%\">\n\t\t\t\n<div class=\"mkdf-section-title-holder  \" >\n\t<div class=\"mkdf-st-inner\">\n\t\t\t\t\t<h1 class=\"mkdf-st-title\" >\n\t\t\t\t\t\t\t\tFEEL FREE TO ASK US\t\t\t<\/h1>\n\t\t\t\t\t\t\t<p class=\"mkdf-st-text\" style=\"font-size: 18px;line-height: 27px;font-weight: 300;margin-top: 18px\">\n\t\t\t\tYou didn't find a course that suits you, but you still want to join the team? Sounds like a plan. Let us know, so we can organize training adjusted to your needs.\t\t\t<\/p>\n\t\t\t\t\t<\/div>\n<\/div>\t\t<\/div>\n\t<\/div>\n<\/div><\/div>[vc_empty_space height=&#8221;19px&#8221;]<div class=\"mkdf-elements-holder   mkdf-two-columns  mkdf-responsive-mode-680 \" ><div class=\"mkdf-eh-item    \"  data-item-class=\"mkdf-eh-custom-7621\" data-769-1024=\"0px 0px 50px 0px\" data-681-768=\"0px 0px 50px 0px\" data-680=\"0px 0px 20px 0px\">\n\t<div class=\"mkdf-eh-item-inner\">\n\t\t<div class=\"mkdf-eh-item-content mkdf-eh-custom-7621\" >\n\t\t\t[vc_column_text]You don&#8217;t like contact forms?<\/p>\n<p>Text us directly or catch us<\/p>\n<p>on\u00a0<a href=\"https:\/\/www.facebook.com\/kravmagaits\">Facebook<\/a> &amp;\u00a0<a href=\"https:\/\/www.instagram.com\/israelitacticalschool\/\">Instagram<\/a>.[\/vc_column_text]\t\t<\/div>\n\t<\/div>\n<\/div><div class=\"mkdf-eh-item    \"  data-item-class=\"mkdf-eh-custom-2656\" data-769-1024=\"0px 0px 50px 0px\" data-681-768=\"0px 0px 50px 0px\" data-680=\"0px 0px 50px 0px\">\n\t<div class=\"mkdf-eh-item-inner\">\n\t\t<div class=\"mkdf-eh-item-content mkdf-eh-custom-2656\" >\n\t\t\t[vc_column_text]<a href=\"https:\/\/www.google.com\/maps\/search\/ul.%20Stanis%C5%82awa%20Przybyszewskiego%2029,%2093-188%20%C5%81%C3%B3d%C5%BA\">ul. Stanis\u0142awa Przybyszewskiego 29, <\/a><\/p>\n<p><a href=\"https:\/\/www.google.com\/maps\/search\/ul.%20Stanis%C5%82awa%20Przybyszewskiego%2029,%2093-188%20%C5%81%C3%B3d%C5%BA\">93-188 \u0141\u00f3d\u017a<\/a><\/p>\n<p><a href=\"mailto:powerlift@email.com\">office@israelitacticalkravmaga.com<\/a><\/p>\n<p>contact our office \/ +48 606 203 911<\/p>\n<p>trainings &amp; courses \/ +48 698 688 376[\/vc_column_text]\t\t<\/div>\n\t<\/div>\n<\/div><\/div>[\/vc_column_inner][vc_column_inner offset=&#8221;vc_col-lg-6 vc_col-md-12&#8243;]<div role=\"form\" class=\"wpcf7\" id=\"wpcf7-f1975-o1\" lang=\"en-US\" dir=\"ltr\">\n<div class=\"screen-reader-response\" role=\"alert\" aria-live=\"polite\"><\/div>\n<form action=\"\/index.php\/wp-json\/wp\/v2\/pages\/1114#wpcf7-f1975-o1\" method=\"post\" class=\"wpcf7-form init\" novalidate=\"novalidate\">\n<div style=\"display: none;\">\n<input type=\"hidden\" name=\"_wpcf7\" value=\"1975\" \/>\n<input type=\"hidden\" name=\"_wpcf7_version\" value=\"5.2\" \/>\n<input type=\"hidden\" name=\"_wpcf7_locale\" value=\"en_US\" \/>\n<input type=\"hidden\" name=\"_wpcf7_unit_tag\" value=\"wpcf7-f1975-o1\" \/>\n<input type=\"hidden\" name=\"_wpcf7_container_post\" value=\"0\" \/>\n<input type=\"hidden\" name=\"_wpcf7_posted_data_hash\" value=\"\" \/>\n<\/div>\n<div class=\"mkdf-custom-form\">\n<div class='mkdf-cf-custom mkdf-cf'>\n<div class='mkdf-two-cols'>\n<span class=\"wpcf7-form-control-wrap text-423\"><input type=\"text\" name=\"text-423\" value=\"\" size=\"40\" class=\"wpcf7-form-control wpcf7-text\" aria-invalid=\"false\" placeholder=\"Your full name\" \/><\/span><span class=\"wpcf7-form-control-wrap email-475\"><input type=\"email\" name=\"email-475\" value=\"\" size=\"40\" class=\"wpcf7-form-control wpcf7-text wpcf7-email wpcf7-validates-as-email\" aria-invalid=\"false\" placeholder=\"E-mail address\" \/><\/span>\n<\/div>\n<p><span class=\"wpcf7-form-control-wrap text-423\"><input type=\"text\" name=\"text-423\" value=\"\" size=\"40\" class=\"wpcf7-form-control wpcf7-text\" aria-invalid=\"false\" placeholder=\"Subject\" \/><\/span><br \/>\n<span class=\"wpcf7-form-control-wrap textarea-372\"><textarea name=\"textarea-372\" cols=\"40\" rows=\"10\" class=\"wpcf7-form-control wpcf7-textarea\" aria-invalid=\"false\" placeholder=\"Drop us a few lines here...\"><\/textarea><\/span><\/p>\n<div class=\"mkdf-btn-outer-holder mkdf-btn-outer-simple mkdf-cf-button-outer\">\n<button type=\"submit\" class=\"wpcf7-form-control wpcf7-submit mkdf-btn mkdf-btn-medium mkdf-btn-solid\"><span class=\"mkdf-btn-text\">Send message<\/span><\/button>\n<div class=\"mkdf-btn-top-line\" ><\/div>\n<div class=\"mkdf-btn-right-line\"><\/div>\n<div class=\"mkdf-btn-bottom-line\"><\/div>\n<div class=\"mkdf-btn-left-line\"><\/div>\n<\/div>\n<\/div>\n<\/div>\n<div class=\"wpcf7-response-output\" role=\"alert\" aria-hidden=\"true\"><\/div><\/form><\/div>[\/vc_column_inner][\/vc_row_inner][\/vc_column][\/vc_row][vc_row row_background_text_animation=&#8221;yes&#8221; content_text_aligment=&#8221;center&#8221; simple_background_color=&#8221;#000000&#8243; css=&#8221;.vc_custom_1564047821091{padding-top: 40px !important;padding-bottom: 40px !important;}&#8221; el_class=&#8221;mkdf-instagram-label-bottom-row&#8221;][vc_column]<div class=\"mkdf-iwt clearfix  mkdf-iwt-icon-left mkdf-iwt-icon-small\">\n\t<div class=\"mkdf-iwt-icon\">\n\t\t\t\t\t<a itemprop=\"url\" href=\"https:\/\/www.instagram.com\/israelitacticalschool\/\" target=\"_blank\">\n\t\t\t\t\t\t\t\t\t    <span class=\"mkdf-icon-shortcode mkdf-normal   mkdf-icon-small\"  data-color=\"#ffffff\">\n                    <i class=\"mkdf-icon-ion-icon ion-social-instagram mkdf-icon-element\" style=\"color: #ffffff\" ><\/i>            <\/span>\n\t\t\t\t\t\t\t\t<\/a>\n\t\t\t<\/div>\n\t<div class=\"mkdf-iwt-content\" >\n\t\t\t\t\t<h6 class=\"mkdf-iwt-title\" style=\"color: #ffffff;margin-top: 10px\">\n\t\t\t\t\t\t\t\t\t<a itemprop=\"url\" href=\"https:\/\/www.instagram.com\/israelitacticalschool\/\" target=\"_blank\">\n\t\t\t\t\t\t\t\t<span class=\"mkdf-iwt-title-text\">FOLLOW US ON @ISRAELITACTICALSCHOOL<\/span>\n\t\t\t\t\t\t\t\t\t<\/a>\n\t\t\t\t\t\t\t<\/h6>\n\t\t\t\t\t<\/div>\n<\/div>[\/vc_column][\/vc_row][vc_row row_background_text_animation=&#8221;yes&#8221; simple_background_color=&#8221;#101010&#8243;][vc_column][vc_widget_sidebar sidebar_id=&#8221;h7-instagram&#8221;][\/vc_column][\/vc_row]<\/p>\n","protected":false},"excerpt":{"rendered":"<p>[vc_row row_background_text_type=&#8221;vertical&#8221; row_background_text_animation=&#8221;yes&#8221; css=&#8221;.vc_custom_1566222716717{padding-top: 135px !important;padding-bottom: 140px !important;}&#8221; row_background_text_size=&#8221;190px&#8221; row_background_text_2=&#8221;ASK&#8221; row_background_text_size_1440=&#8221;140px&#8221; row_background_text_color=&#8221;rgba(104,104,104,0.2)&#8221;][vc_column][vc_row_inner row_content_width=&#8221;grid&#8221;][vc_column_inner offset=&#8221;vc_col-lg-6 vc_col-md-12&#8243;][vc_empty_space height=&#8221;19px&#8221;][\/vc_column_inner][vc_column_inner offset=&#8221;vc_col-lg-6 vc_col-md-12&#8243;][\/vc_column_inner][\/vc_row_inner][\/vc_column][\/vc_row][vc_row row_background_text_animation=&#8221;yes&#8221; content_text_aligment=&#8221;center&#8221; simple_background_color=&#8221;#000000&#8243; css=&#8221;.vc_custom_1564047821091{padding-top: 40px !important;padding-bottom: 40px !important;}&#8221; el_class=&#8221;mkdf-instagram-label-bottom-row&#8221;][vc_column][\/vc_column][\/vc_row][vc_row row_background_text_animation=&#8221;yes&#8221; simple_background_color=&#8221;#101010&#8243;][vc_column][vc_widget_sidebar sidebar_id=&#8221;h7-instagram&#8221;][\/vc_column][\/vc_row]<\/p>\n","protected":false},"author":3,"featured_media":0,"parent":0,"menu_order":0,"comment_status":"closed","ping_status":"closed","template":"full-width.php","meta":{"footnotes":""},"yoast_head":"<!-- This site is optimized with the Yoast SEO plugin v14.6.1 - https:\/\/yoast.com\/wordpress\/plugins\/seo\/ -->\n<title>Contact us - Israeli Tactical Krav Maga<\/title>\n<meta name=\"robots\" content=\"index, follow\" \/>\n<meta name=\"googlebot\" content=\"index, follow, max-snippet:-1, max-image-preview:large, max-video-preview:-1\" \/>\n<meta name=\"bingbot\" content=\"index, follow, max-snippet:-1, max-image-preview:large, max-video-preview:-1\" \/>\n<link rel=\"canonical\" href=\"https:\/\/israelitacticalkravmaga.com\/index.php\/contact-us\/\" \/>\n<meta property=\"og:locale\" content=\"en_US\" \/>\n<meta property=\"og:type\" content=\"article\" \/>\n<meta property=\"og:title\" content=\"Contact us - Israeli Tactical Krav Maga\" \/>\n<meta property=\"og:description\" content=\"[vc_row row_background_text_type=&#8221;vertical&#8221; row_background_text_animation=&#8221;yes&#8221; css=&#8221;.vc_custom_1566222716717{padding-top: 135px !important;padding-bottom: 140px !important;}&#8221; row_background_text_size=&#8221;190px&#8221; row_background_text_2=&#8221;ASK&#8221; row_background_text_size_1440=&#8221;140px&#8221; row_background_text_color=&#8221;rgba(104,104,104,0.2)&#8221;][vc_column][vc_row_inner row_content_width=&#8221;grid&#8221;][vc_column_inner offset=&#8221;vc_col-lg-6 vc_col-md-12&#8243;][vc_empty_space height=&#8221;19px&#8221;][\/vc_column_inner][vc_column_inner offset=&#8221;vc_col-lg-6 vc_col-md-12&#8243;][\/vc_column_inner][\/vc_row_inner][\/vc_column][\/vc_row][vc_row row_background_text_animation=&#8221;yes&#8221; content_text_aligment=&#8221;center&#8221; simple_background_color=&#8221;#000000&#8243; css=&#8221;.vc_custom_1564047821091{padding-top: 40px !important;padding-bottom: 40px !important;}&#8221; el_class=&#8221;mkdf-instagram-label-bottom-row&#8221;][vc_column][\/vc_column][\/vc_row][vc_row row_background_text_animation=&#8221;yes&#8221; simple_background_color=&#8221;#101010&#8243;][vc_column][vc_widget_sidebar sidebar_id=&#8221;h7-instagram&#8221;][\/vc_column][\/vc_row]\" \/>\n<meta property=\"og:url\" content=\"https:\/\/israelitacticalkravmaga.com\/index.php\/contact-us\/\" \/>\n<meta property=\"og:site_name\" content=\"Israeli Tactical Krav Maga\" \/>\n<meta property=\"article:modified_time\" content=\"2020-09-20T21:04:21+00:00\" \/>\n<meta name=\"twitter:card\" content=\"summary_large_image\" \/>\n<script type=\"application\/ld+json\" class=\"yoast-schema-graph\">{\"@context\":\"https:\/\/schema.org\",\"@graph\":[{\"@type\":\"WebSite\",\"@id\":\"https:\/\/israelitacticalkravmaga.com\/#website\",\"url\":\"https:\/\/israelitacticalkravmaga.com\/\",\"name\":\"Israeli Tactical Krav Maga\",\"description\":\"Deliver safety, globally.\",\"potentialAction\":[{\"@type\":\"SearchAction\",\"target\":\"https:\/\/israelitacticalkravmaga.com\/?s={search_term_string}\",\"query-input\":\"required name=search_term_string\"}],\"inLanguage\":\"en\"},{\"@type\":\"WebPage\",\"@id\":\"https:\/\/israelitacticalkravmaga.com\/index.php\/contact-us\/#webpage\",\"url\":\"https:\/\/israelitacticalkravmaga.com\/index.php\/contact-us\/\",\"name\":\"Contact us - Israeli Tactical Krav Maga\",\"isPartOf\":{\"@id\":\"https:\/\/israelitacticalkravmaga.com\/#website\"},\"datePublished\":\"2019-06-26T09:41:49+00:00\",\"dateModified\":\"2020-09-20T21:04:21+00:00\",\"inLanguage\":\"en\",\"potentialAction\":[{\"@type\":\"ReadAction\",\"target\":[\"https:\/\/israelitacticalkravmaga.com\/index.php\/contact-us\/\"]}]}]}<\/script>\n<!-- \/ Yoast SEO plugin. -->","_links":{"self":[{"href":"https:\/\/israelitacticalkravmaga.com\/index.php\/wp-json\/wp\/v2\/pages\/1114"}],"collection":[{"href":"https:\/\/israelitacticalkravmaga.com\/index.php\/wp-json\/wp\/v2\/pages"}],"about":[{"href":"https:\/\/israelitacticalkravmaga.com\/index.php\/wp-json\/wp\/v2\/types\/page"}],"author":[{"embeddable":true,"href":"https:\/\/israelitacticalkravmaga.com\/index.php\/wp-json\/wp\/v2\/users\/3"}],"replies":[{"embeddable":true,"href":"https:\/\/israelitacticalkravmaga.com\/index.php\/wp-json\/wp\/v2\/comments?post=1114"}],"version-history":[{"count":9,"href":"https:\/\/israelitacticalkravmaga.com\/index.php\/wp-json\/wp\/v2\/pages\/1114\/revisions"}],"predecessor-version":[{"id":3962,"href":"https:\/\/israelitacticalkravmaga.com\/index.php\/wp-json\/wp\/v2\/pages\/1114\/revisions\/3962"}],"wp:attachment":[{"href":"https:\/\/israelitacticalkravmaga.com\/index.php\/wp-json\/wp\/v2\/media?parent=1114"}],"curies":[{"name":"wp","href":"https:\/\/api.w.org\/{rel}","templated":true}]}}