{"id":4498,"date":"2024-02-19T09:46:17","date_gmt":"2024-02-19T09:46:17","guid":{"rendered":"https:\/\/israelitacticalkravmaga.com\/?post_type=product&#038;p=4498"},"modified":"2024-03-07T14:52:25","modified_gmt":"2024-03-07T14:52:25","slug":"bezpieczne-kobiety-szkolenie-lodz","status":"publish","type":"product","link":"https:\/\/israelitacticalkravmaga.com\/index.php\/product\/bezpieczne-kobiety-szkolenie-lodz\/","title":{"rendered":"Bezpieczne kobieTY-szkolenie \u0141\u00f3d\u017a"},"content":{"rendered":"<p>\u26a1Bezpieczne kobiety \u2013 bezpiecze\u0144stwo, intuicja, \u015bwiadomo\u015b\u0107<\/p>\n<p>Biegasz? Wracasz wieczorem z zakup\u00f3w? A mo\u017ce spacerujesz z dzie\u0107mi w parku? Powinna\u015b czu\u0107 si\u0119 pewnie i bezpiecznie. Zawsze!<\/p>\n<p>\u2192 Jak wykorzysta\u0107 w\u0142asn\u0105 intuicj\u0119?<br \/>\n\u2192 Jak wykry\u0107 zagro\u017cenie, zanim przerodzi si\u0119 w sytuacj\u0119 bez wyj\u015bcia?<br \/>\n\u2192 Jak podejmowa\u0107 decyzje, \u017ceby nie dosz\u0142o do bezpo\u015bredniej walki?<br \/>\nNaucz si\u0119 wykorzystywa\u0107 swoje naturalne zdolno\u015bci!<\/p>\n<p>23 marca (sobota) w \u0141odzi, Mateusz Orczykowski poprowadzi kurs dla kobiet z bezpiecze\u0144stwa osobistego \u201eBezpieczne kobieTY\u201d<\/p>\n<p>CO DA CI KURS?<br \/>\nNa kursie nauczysz si\u0119 zwi\u0119kszania \u015bwiadomo\u015bci, zrozumienia otoczenia, ale przede wszystkim \u2014 wykrywania zagro\u017ce\u0144, odpowiedniego wykorzystania intuicji, niedocenianej si\u0142y, kt\u00f3r\u0105 ka\u017cda kobieta ju\u017c posiada \u2014 a kt\u00f3ra jest podstaw\u0105 do znalezienia bezpiecznej drogi wyj\u015bcia z potencjalnej sytuacji zagro\u017cenia.<\/p>\n<p>Co do tego?<br \/>\nUmiej\u0119tno\u015b\u0107 konfrontacji z zagro\u017ceniem przek\u0142ada si\u0119 na inne aspekty \u017cycia \u2013 pewno\u015b\u0107 siebie, zaradno\u015b\u0107, sprawne podejmowanie skutecznych decyzji w stresowych sytuacjach, zarzadzania w\u0142asnym strachem i negocjacji kryzysowej.<\/p>\n<p>PROGRAM SZKOLENIA<br \/>\nSzkolenie trwa oko\u0142o 5 godzin zegarowych i sk\u0142ada si\u0119 z 2 cz\u0119\u015bci (pomi\u0119dzy kt\u00f3rymi uwzgl\u0119dniona jest kr\u00f3tka przerwa).<\/p>\n<p>TEORIA<\/p>\n<p>\u2192 Stalking: rozpoznawanie, zapobieganie, reagowanie;<br \/>\n\u2192 Psychologiczne aspekty samoobrony (asertywno\u015b\u0107, pewno\u015b\u0107 siebie, panowanie nad stresem, trze\u017awo\u015b\u0107 umys\u0142u w sytuacji zagro\u017cenia);<br \/>\n\u2192 Jak najskuteczniej korzysta\u0107 z intuicji, aby unika\u0107 konflikt\u00f3w?<br \/>\n\u2192 Prewencja \u2014 wykrywanie i rozpoznawanie zagro\u017ce\u0144, zapobieganie potencjalnym sytuacjom kryzysowym, negocjacja kryzysowa<br \/>\n\u2192 Postawy i pozycje cia\u0142a w sytuacji zagro\u017cenia;<br \/>\n\u2192 Negocjacja kryzysowa;<\/p>\n<p>PRAKTYKA<br \/>\n\u2192 Podstawowe techniki samoobrony;<br \/>\n\u2192 \u0106wiczenia i symulacje umiej\u0119tno\u015bci czytania intencji nieznajomych;<br \/>\n\u2192 Nauka u\u017cywania przedmiot\u00f3w codziennego u\u017cytku do samoobrony (np. d\u0142ugopis, klucze);<br \/>\n\u2192 Proste i skuteczne sposoby panowania nad stresem: praca z oddechem, wyciszanie umys\u0142u, praktyka uwa\u017cno\u015bci.<\/p>\n<p>Kto poprowadzi szkolenie?<br \/>\nMateusz Orczykowski<br \/>\nTrener krav maga z 20-letnim sta\u017cem praktycznym i 12-letnim sta\u017cem nauczycielskim. Szkoli s\u0142u\u017cby, wojsko i policj\u0119, a tak\u017ce osoby cywilne oraz zwi\u0105zane z ochron\u0105 osobist\u0105 w takich krajach, jak m.in. Meksyk, Ekwador, Kolumbia, USA, Tajlandia, Kosowo, Ukraina czy Polska.<br \/>\nNa podstawie najlepszych praktyk s\u0142u\u017cb specjalnych, z wykorzystaniem technik uwa\u017cno\u015bci na zagro\u017cenie i ryzyka oraz swojej wiedzy o taktykach krav maga zbudowa\u0142 autorski program szkoleniowy dla kobiet: BEZPIECZNE KOBIETY.<br \/>\nJego podej\u015bcie wyr\u00f3\u017cnia fokus na naturalne i wrodzone zdolno\u015bci kobiet, niezale\u017cnie od wieku czy narodowo\u015bci \u2014 ich instynkt, zmys\u0142y, \u015bwiadomo\u015b\u0107, czytanie j\u0119zyka cia\u0142a i otoczenia.<\/p>\n<p>Data: 23 marca 2024<br \/>\nMiejsce: Obiecana Restaurant &amp; Caf\u00e9, \u0141\u00f3d\u017a<\/p>\n<p>MASZ PYTANIA?<br \/>\nJe\u015bli masz dodatkowe pytania lub zastanawiasz si\u0119, czy ten kurs jest dla Ciebie \u2013 napisz do nas lub zadzwo\u0144.<\/p>\n<p>Poniewa\u017c liczba miejsc jest ograniczona bardzo prosimy wysy\u0142a\u0107 swoje zg\u0142oszenia na e-mail:<br \/>\ninfo@bezpiecznekobiety.pl<\/p>\n<p>Je\u015bli zapiszesz si\u0119, a na ostatni\u0105 chwile oka\u017ce si\u0119, \u017ce nie mo\u017cesz jednak uczestniczy\u0107 w szkoleniu, prosimy aby\u015b powiadomi\u0142a nas o tym mailowo.<\/p>\n<p>Zatem dziewczyny, do dzie\u0142a! Czekamy na wasze zg\u0142oszenia.<\/p>\n<p>Cena szkolenia:<br \/>\n199 z\u0142<br \/>\nW cenie szkolenia ca\u0142odniowy bufet kawowy<\/p>\n<p>* W celu rezerwacji miejsca prosimy o wp\u0142aty 100% kwoty na konto mBank:<\/p>\n<p>54 1140 2004 0000 3102 7834 3461<br \/>\nISRAELI TACTICAL SERVICE SP. Z O. O.<br \/>\nul. Stanis\u0142awa Przybyszewskiego 29, 93-188 Lodz<\/p>\n<p>tytu\u0142em: Imi\u0119 + nazwisko, Lodz 23.03<\/p>\n<p>W przypadku z\u0142o\u017cenia rezygnacji na 7 dni przed wyznaczonym terminem szkolenia, uczestnik ponosi 50% koszt\u00f3w szkolenia. W przypadku nieobecno\u015bci uczestnika na szkoleniu, bez z\u0142o\u017cenia wcze\u015bniejszej rezygnacji, uczestniczk jest zobowi\u0105zany pokry\u0107 do 100% warto\u015bci szkolenia, chyba \u017ce rezygnacja z udzia\u0142u w szkoleniu lub nieobecno\u015b\u0107 wynikaj\u0105 z przyczyn natury zdrowotnej udokumentowanych za\u015bwiadczeniem lekarskim, uczestnik otrzymuje zwrot 50% koszt\u00f3w szkolenia.<\/p>\n","protected":false},"excerpt":{"rendered":"<p>\u26a1Bezpieczne kobiety \u2013 bezpiecze\u0144stwo, intuicja, \u015bwiadomo\u015b\u0107 Biegasz? Wracasz wieczorem z zakup\u00f3w? A mo\u017ce spacerujesz z dzie\u0107mi w parku? Powinna\u015b czu\u0107 si\u0119 pewnie i bezpiecznie. Zawsze! \u2192 Jak wykorzysta\u0107 w\u0142asn\u0105 intuicj\u0119? \u2192 Jak wykry\u0107 zagro\u017cenie, zanim przerodzi si\u0119 w sytuacj\u0119 bez [&hellip;]<\/p>\n","protected":false},"featured_media":0,"template":"","meta":[],"yoast_head":"<!-- This site is optimized with the Yoast SEO plugin v14.6.1 - https:\/\/yoast.com\/wordpress\/plugins\/seo\/ -->\n<title>Bezpieczne kobieTY-szkolenie \u0141\u00f3d\u017a - Israeli Tactical Krav Maga<\/title>\n<meta name=\"robots\" content=\"index, follow\" \/>\n<meta name=\"googlebot\" content=\"index, follow, max-snippet:-1, max-image-preview:large, max-video-preview:-1\" \/>\n<meta name=\"bingbot\" content=\"index, follow, max-snippet:-1, max-image-preview:large, max-video-preview:-1\" \/>\n<link rel=\"canonical\" href=\"https:\/\/israelitacticalkravmaga.com\/index.php\/product\/bezpieczne-kobiety-szkolenie-lodz\/\" \/>\n<meta property=\"og:locale\" content=\"en_US\" \/>\n<meta property=\"og:type\" content=\"article\" \/>\n<meta property=\"og:title\" content=\"Bezpieczne kobieTY-szkolenie \u0141\u00f3d\u017a - Israeli Tactical Krav Maga\" \/>\n<meta property=\"og:description\" content=\"\u26a1Bezpieczne kobiety \u2013 bezpiecze\u0144stwo, intuicja, \u015bwiadomo\u015b\u0107 Biegasz? Wracasz wieczorem z zakup\u00f3w? A mo\u017ce spacerujesz z dzie\u0107mi w parku? Powinna\u015b czu\u0107 si\u0119 pewnie i bezpiecznie. Zawsze! \u2192 Jak wykorzysta\u0107 w\u0142asn\u0105 intuicj\u0119? \u2192 Jak wykry\u0107 zagro\u017cenie, zanim przerodzi si\u0119 w sytuacj\u0119 bez [&hellip;]\" \/>\n<meta property=\"og:url\" content=\"https:\/\/israelitacticalkravmaga.com\/index.php\/product\/bezpieczne-kobiety-szkolenie-lodz\/\" \/>\n<meta property=\"og:site_name\" content=\"Israeli Tactical Krav Maga\" \/>\n<meta property=\"article:modified_time\" content=\"2024-03-07T14:52:25+00:00\" \/>\n<meta name=\"twitter:card\" content=\"summary_large_image\" \/>\n<script type=\"application\/ld+json\" class=\"yoast-schema-graph\">{\"@context\":\"https:\/\/schema.org\",\"@graph\":[{\"@type\":\"WebSite\",\"@id\":\"https:\/\/israelitacticalkravmaga.com\/#website\",\"url\":\"https:\/\/israelitacticalkravmaga.com\/\",\"name\":\"Israeli Tactical Krav Maga\",\"description\":\"Deliver safety, globally.\",\"potentialAction\":[{\"@type\":\"SearchAction\",\"target\":\"https:\/\/israelitacticalkravmaga.com\/?s={search_term_string}\",\"query-input\":\"required name=search_term_string\"}],\"inLanguage\":\"en\"},{\"@type\":\"WebPage\",\"@id\":\"https:\/\/israelitacticalkravmaga.com\/index.php\/product\/bezpieczne-kobiety-szkolenie-lodz\/#webpage\",\"url\":\"https:\/\/israelitacticalkravmaga.com\/index.php\/product\/bezpieczne-kobiety-szkolenie-lodz\/\",\"name\":\"Bezpieczne kobieTY-szkolenie \\u0141\\u00f3d\\u017a - Israeli Tactical Krav Maga\",\"isPartOf\":{\"@id\":\"https:\/\/israelitacticalkravmaga.com\/#website\"},\"datePublished\":\"2024-02-19T09:46:17+00:00\",\"dateModified\":\"2024-03-07T14:52:25+00:00\",\"inLanguage\":\"en\",\"potentialAction\":[{\"@type\":\"ReadAction\",\"target\":[\"https:\/\/israelitacticalkravmaga.com\/index.php\/product\/bezpieczne-kobiety-szkolenie-lodz\/\"]}]}]}<\/script>\n<!-- \/ Yoast SEO plugin. -->","_links":{"self":[{"href":"https:\/\/israelitacticalkravmaga.com\/index.php\/wp-json\/wp\/v2\/product\/4498"}],"collection":[{"href":"https:\/\/israelitacticalkravmaga.com\/index.php\/wp-json\/wp\/v2\/product"}],"about":[{"href":"https:\/\/israelitacticalkravmaga.com\/index.php\/wp-json\/wp\/v2\/types\/product"}],"wp:attachment":[{"href":"https:\/\/israelitacticalkravmaga.com\/index.php\/wp-json\/wp\/v2\/media?parent=4498"}],"curies":[{"name":"wp","href":"https:\/\/api.w.org\/{rel}","templated":true}]}}